{"id":9,"date":"2024-04-29T13:33:23","date_gmt":"2024-04-29T16:33:23","guid":{"rendered":"https:\/\/jasp.org.br\/inspirametamaceio\/?page_id=9"},"modified":"2024-09-11T10:59:37","modified_gmt":"2024-09-11T13:59:37","slug":"home","status":"publish","type":"page","link":"https:\/\/jasp.org.br\/inspirametamaceio\/","title":{"rendered":"home"},"content":{"rendered":"\t\t<div data-elementor-type=\"wp-page\" data-elementor-id=\"9\" class=\"elementor elementor-9\">\n\t\t\t\t<div class=\"elementor-element elementor-element-81780a4 e-flex e-con-boxed e-con e-parent\" data-id=\"81780a4\" data-element_type=\"container\" data-settings=\"{&quot;background_background&quot;:&quot;classic&quot;}\">\n\t\t\t\t\t<div class=\"e-con-inner\">\n\t\t\t\t<div class=\"elementor-element elementor-element-86490b0 elementor-widget elementor-widget-image\" data-id=\"86490b0\" data-element_type=\"widget\" data-widget_type=\"image.default\">\n\t\t\t\t<div class=\"elementor-widget-container\">\n\t\t\t<style>\/*! elementor - v3.21.0 - 25-04-2024 *\/\n.elementor-widget-image{text-align:center}.elementor-widget-image a{display:inline-block}.elementor-widget-image a img[src$=\".svg\"]{width:48px}.elementor-widget-image img{vertical-align:middle;display:inline-block}<\/style>\t\t\t\t\t\t\t\t\t\t<img fetchpriority=\"high\" decoding=\"async\" width=\"1895\" height=\"750\" src=\"https:\/\/jasp.org.br\/inspirametamaceio\/wp-content\/uploads\/2024\/08\/Design-sem-nome-49.png\" class=\"attachment-full size-full wp-image-142\" alt=\"\" srcset=\"https:\/\/jasp.org.br\/inspirametamaceio\/wp-content\/uploads\/2024\/08\/Design-sem-nome-49.png 1895w, https:\/\/jasp.org.br\/inspirametamaceio\/wp-content\/uploads\/2024\/08\/Design-sem-nome-49-300x119.png 300w, https:\/\/jasp.org.br\/inspirametamaceio\/wp-content\/uploads\/2024\/08\/Design-sem-nome-49-1024x405.png 1024w, https:\/\/jasp.org.br\/inspirametamaceio\/wp-content\/uploads\/2024\/08\/Design-sem-nome-49-768x304.png 768w, https:\/\/jasp.org.br\/inspirametamaceio\/wp-content\/uploads\/2024\/08\/Design-sem-nome-49-1536x608.png 1536w, https:\/\/jasp.org.br\/inspirametamaceio\/wp-content\/uploads\/2024\/08\/Design-sem-nome-49-600x237.png 600w\" sizes=\"(max-width: 1895px) 100vw, 1895px\" \/>\t\t\t\t\t\t\t\t\t\t\t\t\t<\/div>\n\t\t\t\t<\/div>\n\t\t\t\t\t<\/div>\n\t\t\t\t<\/div>\n\t\t<div class=\"elementor-element elementor-element-d5a9fbb e-flex e-con-boxed e-con e-parent\" data-id=\"d5a9fbb\" data-element_type=\"container\" data-settings=\"{&quot;background_background&quot;:&quot;classic&quot;}\">\n\t\t\t\t\t<div class=\"e-con-inner\">\n\t\t\t\t<div class=\"elementor-element elementor-element-63a08a0 elementor-widget elementor-widget-image\" data-id=\"63a08a0\" data-element_type=\"widget\" data-widget_type=\"image.default\">\n\t\t\t\t<div class=\"elementor-widget-container\">\n\t\t\t\t\t\t\t\t\t\t\t\t\t<img decoding=\"async\" width=\"1024\" height=\"120\" src=\"https:\/\/jasp.org.br\/inspirametamaceio\/wp-content\/uploads\/2024\/04\/262428951_1325607661232560_9070281392257202855_n3a79-1024x120.png\" class=\"attachment-large size-large wp-image-42\" alt=\"\" srcset=\"https:\/\/jasp.org.br\/inspirametamaceio\/wp-content\/uploads\/2024\/04\/262428951_1325607661232560_9070281392257202855_n3a79-1024x120.png 1024w, https:\/\/jasp.org.br\/inspirametamaceio\/wp-content\/uploads\/2024\/04\/262428951_1325607661232560_9070281392257202855_n3a79-300x35.png 300w, https:\/\/jasp.org.br\/inspirametamaceio\/wp-content\/uploads\/2024\/04\/262428951_1325607661232560_9070281392257202855_n3a79-768x90.png 768w, https:\/\/jasp.org.br\/inspirametamaceio\/wp-content\/uploads\/2024\/04\/262428951_1325607661232560_9070281392257202855_n3a79-1536x179.png 1536w, https:\/\/jasp.org.br\/inspirametamaceio\/wp-content\/uploads\/2024\/04\/262428951_1325607661232560_9070281392257202855_n3a79-2048x239.png 2048w, https:\/\/jasp.org.br\/inspirametamaceio\/wp-content\/uploads\/2024\/04\/262428951_1325607661232560_9070281392257202855_n3a79-600x70.png 600w\" sizes=\"(max-width: 1024px) 100vw, 1024px\" \/>\t\t\t\t\t\t\t\t\t\t\t\t\t<\/div>\n\t\t\t\t<\/div>\n\t\t\t\t<div class=\"elementor-element elementor-element-9786e64 elementor-widget elementor-widget-text-editor\" data-id=\"9786e64\" data-element_type=\"widget\" data-widget_type=\"text-editor.default\">\n\t\t\t\t<div class=\"elementor-widget-container\">\n\t\t\t<style>\/*! elementor - v3.21.0 - 25-04-2024 *\/\n.elementor-widget-text-editor.elementor-drop-cap-view-stacked .elementor-drop-cap{background-color:#69727d;color:#fff}.elementor-widget-text-editor.elementor-drop-cap-view-framed .elementor-drop-cap{color:#69727d;border:3px solid;background-color:transparent}.elementor-widget-text-editor:not(.elementor-drop-cap-view-default) .elementor-drop-cap{margin-top:8px}.elementor-widget-text-editor:not(.elementor-drop-cap-view-default) .elementor-drop-cap-letter{width:1em;height:1em}.elementor-widget-text-editor .elementor-drop-cap{float:left;text-align:center;line-height:1;font-size:50px}.elementor-widget-text-editor .elementor-drop-cap-letter{display:inline-block}<\/style>\t\t\t\t<p style=\"text-align: center;\">Especialistas da Meta v\u00e3o te ensinar tudo sobre Marketing Digital. Prepare-se para dominar as plataformas Meta (Instagram, Facebook e Whatsapp) e turbine os resultados do seu neg\u00f3cio!<\/p>\t\t\t\t\t\t<\/div>\n\t\t\t\t<\/div>\n\t\t\t\t<div class=\"elementor-element elementor-element-ab11cab elementor-widget elementor-widget-image\" data-id=\"ab11cab\" data-element_type=\"widget\" data-widget_type=\"image.default\">\n\t\t\t\t<div class=\"elementor-widget-container\">\n\t\t\t\t\t\t\t\t\t\t\t\t\t\t<a href=\"https:\/\/jasp.org.br\/inspirametamaceio\/cadastro-meta\/\" target=\"_blank\">\n\t\t\t\t\t\t\t<img decoding=\"async\" width=\"1024\" height=\"244\" src=\"https:\/\/jasp.org.br\/inspirametamaceio\/wp-content\/uploads\/2024\/04\/Portal-1024x244.png\" class=\"elementor-animation-shrink attachment-large size-large wp-image-43\" alt=\"\" srcset=\"https:\/\/jasp.org.br\/inspirametamaceio\/wp-content\/uploads\/2024\/04\/Portal-1024x244.png 1024w, https:\/\/jasp.org.br\/inspirametamaceio\/wp-content\/uploads\/2024\/04\/Portal-300x71.png 300w, https:\/\/jasp.org.br\/inspirametamaceio\/wp-content\/uploads\/2024\/04\/Portal-768x183.png 768w, https:\/\/jasp.org.br\/inspirametamaceio\/wp-content\/uploads\/2024\/04\/Portal-600x143.png 600w, https:\/\/jasp.org.br\/inspirametamaceio\/wp-content\/uploads\/2024\/04\/Portal.png 1469w\" sizes=\"(max-width: 1024px) 100vw, 1024px\" \/>\t\t\t\t\t\t\t\t<\/a>\n\t\t\t\t\t\t\t\t\t\t\t\t\t<\/div>\n\t\t\t\t<\/div>\n\t\t\t\t<div class=\"elementor-element elementor-element-dd56c9c elementor-widget elementor-widget-text-editor\" data-id=\"dd56c9c\" data-element_type=\"widget\" data-widget_type=\"text-editor.default\">\n\t\t\t\t<div class=\"elementor-widget-container\">\n\t\t\t\t\t\t\t<p><strong><span class=\"ui-provider a b c d e f g h i j k l m n o p q r s t u v w x y z ab ac ae af ag ah ai aj ak\" dir=\"ltr\">Conte\u00fados que voc\u00ea encontra no portal:<\/span><\/strong><\/p>\t\t\t\t\t\t<\/div>\n\t\t\t\t<\/div>\n\t\t<div class=\"elementor-element elementor-element-e62c8f0 e-grid e-con-boxed e-con e-child\" data-id=\"e62c8f0\" data-element_type=\"container\">\n\t\t\t\t\t<div class=\"e-con-inner\">\n\t\t\t\t<div class=\"elementor-element elementor-element-d16371b elementor-widget elementor-widget-image\" data-id=\"d16371b\" data-element_type=\"widget\" data-widget_type=\"image.default\">\n\t\t\t\t<div class=\"elementor-widget-container\">\n\t\t\t\t\t\t\t\t\t\t\t\t\t<img loading=\"lazy\" decoding=\"async\" width=\"354\" height=\"267\" src=\"https:\/\/jasp.org.br\/inspirametamaceio\/wp-content\/uploads\/2024\/05\/Anuncios.png\" class=\"attachment-large size-large wp-image-124\" alt=\"\" srcset=\"https:\/\/jasp.org.br\/inspirametamaceio\/wp-content\/uploads\/2024\/05\/Anuncios.png 354w, https:\/\/jasp.org.br\/inspirametamaceio\/wp-content\/uploads\/2024\/05\/Anuncios-300x226.png 300w\" sizes=\"(max-width: 354px) 100vw, 354px\" \/>\t\t\t\t\t\t\t\t\t\t\t\t\t<\/div>\n\t\t\t\t<\/div>\n\t\t\t\t<div class=\"elementor-element elementor-element-f8d9e22 elementor-widget elementor-widget-image\" data-id=\"f8d9e22\" data-element_type=\"widget\" data-widget_type=\"image.default\">\n\t\t\t\t<div class=\"elementor-widget-container\">\n\t\t\t\t\t\t\t\t\t\t\t\t\t<img loading=\"lazy\" decoding=\"async\" width=\"354\" height=\"267\" src=\"https:\/\/jasp.org.br\/inspirametamaceio\/wp-content\/uploads\/2024\/05\/Filtro.png\" class=\"attachment-large size-large wp-image-119\" alt=\"\" srcset=\"https:\/\/jasp.org.br\/inspirametamaceio\/wp-content\/uploads\/2024\/05\/Filtro.png 354w, https:\/\/jasp.org.br\/inspirametamaceio\/wp-content\/uploads\/2024\/05\/Filtro-300x226.png 300w\" sizes=\"(max-width: 354px) 100vw, 354px\" \/>\t\t\t\t\t\t\t\t\t\t\t\t\t<\/div>\n\t\t\t\t<\/div>\n\t\t\t\t<div class=\"elementor-element elementor-element-3869a9a elementor-widget elementor-widget-image\" data-id=\"3869a9a\" data-element_type=\"widget\" data-widget_type=\"image.default\">\n\t\t\t\t<div class=\"elementor-widget-container\">\n\t\t\t\t\t\t\t\t\t\t\t\t\t<img loading=\"lazy\" decoding=\"async\" width=\"354\" height=\"267\" src=\"https:\/\/jasp.org.br\/inspirametamaceio\/wp-content\/uploads\/2024\/05\/Vendas.png\" class=\"attachment-large size-large wp-image-117\" alt=\"\" srcset=\"https:\/\/jasp.org.br\/inspirametamaceio\/wp-content\/uploads\/2024\/05\/Vendas.png 354w, https:\/\/jasp.org.br\/inspirametamaceio\/wp-content\/uploads\/2024\/05\/Vendas-300x226.png 300w\" sizes=\"(max-width: 354px) 100vw, 354px\" \/>\t\t\t\t\t\t\t\t\t\t\t\t\t<\/div>\n\t\t\t\t<\/div>\n\t\t\t\t\t<\/div>\n\t\t\t\t<\/div>\n\t\t\t\t\t<\/div>\n\t\t\t\t<\/div>\n\t\t<div class=\"elementor-element elementor-element-f84ae9a e-flex e-con-boxed e-con e-parent\" data-id=\"f84ae9a\" data-element_type=\"container\" data-settings=\"{&quot;background_background&quot;:&quot;classic&quot;}\">\n\t\t\t\t\t<div class=\"e-con-inner\">\n\t\t<div class=\"elementor-element elementor-element-b5e74df e-flex e-con-boxed e-con e-child\" data-id=\"b5e74df\" data-element_type=\"container\" data-settings=\"{&quot;background_background&quot;:&quot;classic&quot;}\">\n\t\t\t\t\t<div class=\"e-con-inner\">\n\t\t<div class=\"elementor-element elementor-element-d3ca79a e-flex e-con-boxed e-con e-child\" data-id=\"d3ca79a\" data-element_type=\"container\" data-settings=\"{&quot;background_background&quot;:&quot;classic&quot;}\">\n\t\t\t\t\t<div class=\"e-con-inner\">\n\t\t\t\t<div class=\"elementor-element elementor-element-862e63c elementor-widget elementor-widget-image\" data-id=\"862e63c\" data-element_type=\"widget\" data-widget_type=\"image.default\">\n\t\t\t\t<div class=\"elementor-widget-container\">\n\t\t\t\t\t\t\t\t\t\t\t\t\t\t<a href=\"https:\/\/inspiraja.app.toolzz.com.br\/catalogo\/busca?institution=inspiraja&#038;filtro=1&#038;acao=busca%20\" target=\"_blank\">\n\t\t\t\t\t\t\t<img loading=\"lazy\" decoding=\"async\" width=\"1024\" height=\"341\" src=\"https:\/\/jasp.org.br\/inspirametamaceio\/wp-content\/uploads\/2024\/04\/Logo-Branca-1-1024x341.png\" class=\"attachment-large size-large wp-image-49\" alt=\"\" srcset=\"https:\/\/jasp.org.br\/inspirametamaceio\/wp-content\/uploads\/2024\/04\/Logo-Branca-1-1024x341.png 1024w, https:\/\/jasp.org.br\/inspirametamaceio\/wp-content\/uploads\/2024\/04\/Logo-Branca-1-300x100.png 300w, https:\/\/jasp.org.br\/inspirametamaceio\/wp-content\/uploads\/2024\/04\/Logo-Branca-1-768x256.png 768w, https:\/\/jasp.org.br\/inspirametamaceio\/wp-content\/uploads\/2024\/04\/Logo-Branca-1-1536x512.png 1536w, https:\/\/jasp.org.br\/inspirametamaceio\/wp-content\/uploads\/2024\/04\/Logo-Branca-1-2048x683.png 2048w, https:\/\/jasp.org.br\/inspirametamaceio\/wp-content\/uploads\/2024\/04\/Logo-Branca-1-600x200.png 600w\" sizes=\"(max-width: 1024px) 100vw, 1024px\" \/>\t\t\t\t\t\t\t\t<\/a>\n\t\t\t\t\t\t\t\t\t\t\t\t\t<\/div>\n\t\t\t\t<\/div>\n\t\t\t\t<div class=\"elementor-element elementor-element-61280a6 elementor-widget elementor-widget-text-editor\" data-id=\"61280a6\" data-element_type=\"widget\" data-widget_type=\"text-editor.default\">\n\t\t\t\t<div class=\"elementor-widget-container\">\n\t\t\t\t\t\t\t<p>Descubra a Inspira JA da Junior Achievement!&nbsp;<\/p><p>Capacita\u00e7\u00f5es on-line em trilhas din\u00e2micas sobre Inova\u00e7\u00e3o, Tecnologia, Empreendedorismo, Lideran\u00e7a, Sustentabilidade e Empregabilidade.<\/p>\n<p><strong>ESCOLHA A SUA TRILHA E COMECE J\u00c1 SEU APRENDIZADO!<\/strong><\/p>\t\t\t\t\t\t<\/div>\n\t\t\t\t<\/div>\n\t\t<div class=\"elementor-element elementor-element-302189a e-grid e-con-boxed e-con e-child\" data-id=\"302189a\" data-element_type=\"container\">\n\t\t\t\t\t<div class=\"e-con-inner\">\n\t\t\t\t<div class=\"elementor-element elementor-element-2a2ce0f elementor-widget elementor-widget-image\" data-id=\"2a2ce0f\" data-element_type=\"widget\" data-widget_type=\"image.default\">\n\t\t\t\t<div class=\"elementor-widget-container\">\n\t\t\t\t\t\t\t\t\t\t\t\t\t\t<a href=\"https:\/\/jasp.org.br\/inspirametamaceio\/cadastro-empreendedorismo-inovador\/\">\n\t\t\t\t\t\t\t<img loading=\"lazy\" decoding=\"async\" width=\"674\" height=\"505\" src=\"https:\/\/jasp.org.br\/inspirametamaceio\/wp-content\/uploads\/2024\/05\/Empreendedorismo.png\" class=\"elementor-animation-shrink attachment-large size-large wp-image-95\" alt=\"\" srcset=\"https:\/\/jasp.org.br\/inspirametamaceio\/wp-content\/uploads\/2024\/05\/Empreendedorismo.png 674w, https:\/\/jasp.org.br\/inspirametamaceio\/wp-content\/uploads\/2024\/05\/Empreendedorismo-300x225.png 300w, https:\/\/jasp.org.br\/inspirametamaceio\/wp-content\/uploads\/2024\/05\/Empreendedorismo-600x450.png 600w\" sizes=\"(max-width: 674px) 100vw, 674px\" \/>\t\t\t\t\t\t\t\t<\/a>\n\t\t\t\t\t\t\t\t\t\t\t\t\t<\/div>\n\t\t\t\t<\/div>\n\t\t\t\t<div class=\"elementor-element elementor-element-aa08b56 elementor-widget elementor-widget-image\" data-id=\"aa08b56\" data-element_type=\"widget\" data-widget_type=\"image.default\">\n\t\t\t\t<div class=\"elementor-widget-container\">\n\t\t\t\t\t\t\t\t\t\t\t\t\t\t<a href=\"https:\/\/jasp.org.br\/inspirametamaceio\/cadastro-sustetabilidade\/\">\n\t\t\t\t\t\t\t<img loading=\"lazy\" decoding=\"async\" width=\"674\" height=\"505\" src=\"https:\/\/jasp.org.br\/inspirametamaceio\/wp-content\/uploads\/2024\/04\/Sustentabilidade-1.png\" class=\"elementor-animation-shrink attachment-large size-large wp-image-51\" alt=\"\" srcset=\"https:\/\/jasp.org.br\/inspirametamaceio\/wp-content\/uploads\/2024\/04\/Sustentabilidade-1.png 674w, https:\/\/jasp.org.br\/inspirametamaceio\/wp-content\/uploads\/2024\/04\/Sustentabilidade-1-300x225.png 300w, https:\/\/jasp.org.br\/inspirametamaceio\/wp-content\/uploads\/2024\/04\/Sustentabilidade-1-600x450.png 600w\" sizes=\"(max-width: 674px) 100vw, 674px\" \/>\t\t\t\t\t\t\t\t<\/a>\n\t\t\t\t\t\t\t\t\t\t\t\t\t<\/div>\n\t\t\t\t<\/div>\n\t\t\t\t<div class=\"elementor-element elementor-element-9ec2323 elementor-widget elementor-widget-image\" data-id=\"9ec2323\" data-element_type=\"widget\" data-widget_type=\"image.default\">\n\t\t\t\t<div class=\"elementor-widget-container\">\n\t\t\t\t\t\t\t\t\t\t\t\t\t\t<a href=\"https:\/\/jasp.org.br\/inspirametamaceio\/cadastro-empreendedora-massa\/\">\n\t\t\t\t\t\t\t<img loading=\"lazy\" decoding=\"async\" width=\"674\" height=\"505\" src=\"https:\/\/jasp.org.br\/inspirametamaceio\/wp-content\/uploads\/2024\/04\/Empreendedora-Massa.png\" class=\"elementor-animation-shrink attachment-large size-large wp-image-52\" alt=\"\" srcset=\"https:\/\/jasp.org.br\/inspirametamaceio\/wp-content\/uploads\/2024\/04\/Empreendedora-Massa.png 674w, https:\/\/jasp.org.br\/inspirametamaceio\/wp-content\/uploads\/2024\/04\/Empreendedora-Massa-300x225.png 300w, https:\/\/jasp.org.br\/inspirametamaceio\/wp-content\/uploads\/2024\/04\/Empreendedora-Massa-600x450.png 600w\" sizes=\"(max-width: 674px) 100vw, 674px\" \/>\t\t\t\t\t\t\t\t<\/a>\n\t\t\t\t\t\t\t\t\t\t\t\t\t<\/div>\n\t\t\t\t<\/div>\n\t\t\t\t<div class=\"elementor-element elementor-element-2c2e2a3 elementor-widget elementor-widget-image\" data-id=\"2c2e2a3\" data-element_type=\"widget\" data-widget_type=\"image.default\">\n\t\t\t\t<div class=\"elementor-widget-container\">\n\t\t\t\t\t\t\t\t\t\t\t\t\t\t<a href=\"https:\/\/jasp.org.br\/inspirametamaceio\/cadastro-juventude-antenada\/\">\n\t\t\t\t\t\t\t<img loading=\"lazy\" decoding=\"async\" width=\"674\" height=\"505\" src=\"https:\/\/jasp.org.br\/inspirametamaceio\/wp-content\/uploads\/2024\/04\/Juventude.png\" class=\"elementor-animation-shrink attachment-large size-large wp-image-53\" alt=\"\" srcset=\"https:\/\/jasp.org.br\/inspirametamaceio\/wp-content\/uploads\/2024\/04\/Juventude.png 674w, https:\/\/jasp.org.br\/inspirametamaceio\/wp-content\/uploads\/2024\/04\/Juventude-300x225.png 300w, https:\/\/jasp.org.br\/inspirametamaceio\/wp-content\/uploads\/2024\/04\/Juventude-600x450.png 600w\" sizes=\"(max-width: 674px) 100vw, 674px\" \/>\t\t\t\t\t\t\t\t<\/a>\n\t\t\t\t\t\t\t\t\t\t\t\t\t<\/div>\n\t\t\t\t<\/div>\n\t\t\t\t\t<\/div>\n\t\t\t\t<\/div>\n\t\t\t\t\t<\/div>\n\t\t\t\t<\/div>\n\t\t\t\t\t<\/div>\n\t\t\t\t<\/div>\n\t\t\t\t\t<\/div>\n\t\t\t\t<\/div>\n\t\t<div class=\"elementor-element elementor-element-c4b9f23 e-flex e-con-boxed e-con e-parent\" data-id=\"c4b9f23\" data-element_type=\"container\">\n\t\t\t\t\t<div class=\"e-con-inner\">\n\t\t\t\t<div class=\"elementor-element elementor-element-a186c77 elementor-widget elementor-widget-text-editor\" data-id=\"a186c77\" data-element_type=\"widget\" data-widget_type=\"text-editor.default\">\n\t\t\t\t<div class=\"elementor-widget-container\">\n\t\t\t\t\t\t\t<p><span class=\"TextRun SCXW16032382 BCX8\" lang=\"PT-BR\" xml:lang=\"PT-BR\" data-contrast=\"auto\"><span class=\"NormalTextRun SCXW16032382 BCX8\">A parceria entre a <strong>Prefeitura de Macei\u00f3<\/strong>, por meio da Secretaria Municipal de Estrat\u00e9gias Disruptivas, Ci\u00eancia, Tecnologia e Inova\u00e7\u00e3o (<\/span><strong><span class=\"NormalTextRun SpellingErrorV2Themed SCXW16032382 BCX8\">Sedciti<\/span><\/strong><span class=\"NormalTextRun SCXW16032382 BCX8\">), <strong>Meta<\/strong> e <strong>Junior <\/strong><\/span><strong><span class=\"NormalTextRun SpellingErrorV2Themed SCXW16032382 BCX8\">Achievement<\/span><\/strong><span class=\"NormalTextRun SCXW16032382 BCX8\"> oferece:\u00a0<\/span><\/span><span class=\"EOP SCXW16032382 BCX8\" data-ccp-props=\"{&quot;201341983&quot;:0,&quot;335559740&quot;:276}\">\u00a0<\/span><\/p>\t\t\t\t\t\t<\/div>\n\t\t\t\t<\/div>\n\t\t\t\t<div class=\"elementor-element elementor-element-cfd30f5 elementor-widget elementor-widget-image\" data-id=\"cfd30f5\" data-element_type=\"widget\" data-widget_type=\"image.default\">\n\t\t\t\t<div class=\"elementor-widget-container\">\n\t\t\t\t\t\t\t\t\t\t\t\t\t<img loading=\"lazy\" decoding=\"async\" width=\"1024\" height=\"454\" src=\"https:\/\/jasp.org.br\/inspirametamaceio\/wp-content\/uploads\/2024\/04\/final-1024x454.png\" class=\"attachment-large size-large wp-image-55\" alt=\"\" srcset=\"https:\/\/jasp.org.br\/inspirametamaceio\/wp-content\/uploads\/2024\/04\/final-1024x454.png 1024w, https:\/\/jasp.org.br\/inspirametamaceio\/wp-content\/uploads\/2024\/04\/final-300x133.png 300w, https:\/\/jasp.org.br\/inspirametamaceio\/wp-content\/uploads\/2024\/04\/final-768x340.png 768w, https:\/\/jasp.org.br\/inspirametamaceio\/wp-content\/uploads\/2024\/04\/final-1536x681.png 1536w, https:\/\/jasp.org.br\/inspirametamaceio\/wp-content\/uploads\/2024\/04\/final-600x266.png 600w, https:\/\/jasp.org.br\/inspirametamaceio\/wp-content\/uploads\/2024\/04\/final.png 1920w\" sizes=\"(max-width: 1024px) 100vw, 1024px\" \/>\t\t\t\t\t\t\t\t\t\t\t\t\t<\/div>\n\t\t\t\t<\/div>\n\t\t\t\t\t<\/div>\n\t\t\t\t<\/div>\n\t\t<div class=\"elementor-element elementor-element-d23f3f1 e-flex e-con-boxed e-con e-parent\" data-id=\"d23f3f1\" data-element_type=\"container\">\n\t\t\t\t\t<div class=\"e-con-inner\">\n\t\t\t\t<div class=\"elementor-element elementor-element-335b28c elementor-widget elementor-widget-text-editor\" data-id=\"335b28c\" data-element_type=\"widget\" data-widget_type=\"text-editor.default\">\n\t\t\t\t<div class=\"elementor-widget-container\">\n\t\t\t\t\t\t\t<p><span class=\"EOP SCXW16032382 BCX8\" data-ccp-props=\"{&quot;201341983&quot;:0,&quot;335559740&quot;:276}\"><span class=\"ui-provider a b c d e f g h i j k l m n o p q r s t u v w x y z ab ac ae af ag ah ai aj ak\" dir=\"ltr\">Precisa de ajuda? Entre em contato com nosso time: <a class=\"fui-Link ___1rxvrpe f2hkw1w f3rmtva f1ewtqcl fyind8e f1k6fduh f1w7gpdv fk6fouc fjoy568 figsok6 f1hu3pq6 f11qmguv f19f4twv f1tyq0we f1g0x7ka fhxju0i f1qch9an f1cnd47f fqv5qza f1vmzxwi f1o700av f13mvf36 f1cmlufx f9n3di6 f1ids18y f1tx3yz7 f1deo86v f1eh06m1 f1iescvh fhgqx19 f1olyrje f1p93eir f1nev41a f1h8hb77 f1lqvz6u f10aw75t fsle3fq f17ae5zn\" title=\"mailto:faleconosco@sedciti.maceio.al.gov.br\" href=\"mailto:faleconosco@sedciti.maceio.al.gov.br\" target=\"_blank\" rel=\"noreferrer noopener\" aria-label=\"Link faleconosco@sedciti.maceio.al.gov.br\">faleconosco@sedciti.maceio.al.gov.br<\/a><\/span> <\/span><\/p>\t\t\t\t\t\t<\/div>\n\t\t\t\t<\/div>\n\t\t\t\t\t<\/div>\n\t\t\t\t<\/div>\n\t\t\t\t<\/div>\n\t\t","protected":false},"excerpt":{"rendered":"<p>Especialistas da Meta v\u00e3o te ensinar tudo sobre Marketing Digital. Prepare-se para dominar as plataformas Meta (Instagram, Facebook e Whatsapp) e turbine os resultados do seu neg\u00f3cio! Conte\u00fados que voc\u00ea encontra no portal: Descubra a Inspira JA da Junior Achievement!&nbsp; Capacita\u00e7\u00f5es on-line em trilhas din\u00e2micas sobre Inova\u00e7\u00e3o, Tecnologia, Empreendedorismo, Lideran\u00e7a, Sustentabilidade e Empregabilidade. ESCOLHA A [&hellip;]<\/p>\n","protected":false},"author":1,"featured_media":0,"parent":0,"menu_order":0,"comment_status":"closed","ping_status":"closed","template":"elementor_header_footer","meta":{"footnotes":""},"_links":{"self":[{"href":"https:\/\/jasp.org.br\/inspirametamaceio\/wp-json\/wp\/v2\/pages\/9"}],"collection":[{"href":"https:\/\/jasp.org.br\/inspirametamaceio\/wp-json\/wp\/v2\/pages"}],"about":[{"href":"https:\/\/jasp.org.br\/inspirametamaceio\/wp-json\/wp\/v2\/types\/page"}],"author":[{"embeddable":true,"href":"https:\/\/jasp.org.br\/inspirametamaceio\/wp-json\/wp\/v2\/users\/1"}],"replies":[{"embeddable":true,"href":"https:\/\/jasp.org.br\/inspirametamaceio\/wp-json\/wp\/v2\/comments?post=9"}],"version-history":[{"count":133,"href":"https:\/\/jasp.org.br\/inspirametamaceio\/wp-json\/wp\/v2\/pages\/9\/revisions"}],"predecessor-version":[{"id":322,"href":"https:\/\/jasp.org.br\/inspirametamaceio\/wp-json\/wp\/v2\/pages\/9\/revisions\/322"}],"wp:attachment":[{"href":"https:\/\/jasp.org.br\/inspirametamaceio\/wp-json\/wp\/v2\/media?parent=9"}],"curies":[{"name":"wp","href":"https:\/\/api.w.org\/{rel}","templated":true}]}}