{"id":7,"date":"2024-04-09T12:29:44","date_gmt":"2024-04-09T15:29:44","guid":{"rendered":"https:\/\/jasp.org.br\/inspirameta\/?page_id=7"},"modified":"2024-04-18T12:36:57","modified_gmt":"2024-04-18T15:36:57","slug":"home","status":"publish","type":"page","link":"https:\/\/jasp.org.br\/inspirameta\/","title":{"rendered":"Home"},"content":{"rendered":"\t\t<div data-elementor-type=\"wp-page\" data-elementor-id=\"7\" class=\"elementor elementor-7\">\n\t\t\t\t<div class=\"elementor-element elementor-element-8aafe97 e-grid e-con-boxed wpr-particle-no wpr-jarallax-no wpr-parallax-no wpr-sticky-section-no e-con e-parent\" data-id=\"8aafe97\" data-element_type=\"container\" data-settings=\"{&quot;background_background&quot;:&quot;gradient&quot;}\" data-core-v316-plus=\"true\">\n\t\t\t\t\t<div class=\"e-con-inner\">\n\t\t<div class=\"elementor-element elementor-element-4ed1661 e-grid e-con-boxed wpr-particle-no wpr-jarallax-no wpr-parallax-no wpr-sticky-section-no e-con e-child\" data-id=\"4ed1661\" data-element_type=\"container\">\n\t\t\t\t\t<div class=\"e-con-inner\">\n\t\t\t\t<div class=\"elementor-element elementor-element-f27a2c8 elementor-widget elementor-widget-heading\" data-id=\"f27a2c8\" data-element_type=\"widget\" data-widget_type=\"heading.default\">\n\t\t\t\t<div class=\"elementor-widget-container\">\n\t\t\t<style>\/*! elementor - v3.20.0 - 26-03-2024 *\/\n.elementor-heading-title{padding:0;margin:0;line-height:1}.elementor-widget-heading .elementor-heading-title[class*=elementor-size-]>a{color:inherit;font-size:inherit;line-height:inherit}.elementor-widget-heading .elementor-heading-title.elementor-size-small{font-size:15px}.elementor-widget-heading .elementor-heading-title.elementor-size-medium{font-size:19px}.elementor-widget-heading .elementor-heading-title.elementor-size-large{font-size:29px}.elementor-widget-heading .elementor-heading-title.elementor-size-xl{font-size:39px}.elementor-widget-heading .elementor-heading-title.elementor-size-xxl{font-size:59px}<\/style><h2 class=\"elementor-heading-title elementor-size-default\"><br><br><br><br><br><br><br><br>EXPLORE NOVAS FRONTEIRAS<\/h2>\t\t<\/div>\n\t\t\t\t<\/div>\n\t\t\t\t<div class=\"elementor-element elementor-element-746eaac elementor-widget elementor-widget-heading\" data-id=\"746eaac\" data-element_type=\"widget\" data-widget_type=\"heading.default\">\n\t\t\t\t<div class=\"elementor-widget-container\">\n\t\t\t<h2 class=\"elementor-heading-title elementor-size-default\">META-INSPIRA<\/h2>\t\t<\/div>\n\t\t\t\t<\/div>\n\t\t\t\t\t<\/div>\n\t\t\t\t<\/div>\n\t\t\t\t<div class=\"elementor-element elementor-element-cc51212 elementor-widget elementor-widget-image\" data-id=\"cc51212\" data-element_type=\"widget\" data-widget_type=\"image.default\">\n\t\t\t\t<div class=\"elementor-widget-container\">\n\t\t\t<style>\/*! elementor - v3.20.0 - 26-03-2024 *\/\n.elementor-widget-image{text-align:center}.elementor-widget-image a{display:inline-block}.elementor-widget-image a img[src$=\".svg\"]{width:48px}.elementor-widget-image img{vertical-align:middle;display:inline-block}<\/style>\t\t\t\t\t\t\t\t\t\t<img fetchpriority=\"high\" decoding=\"async\" width=\"512\" height=\"512\" src=\"https:\/\/jasp.org.br\/inspirameta\/wp-content\/uploads\/2024\/04\/Design-sem-nome-13.png\" class=\"attachment-full size-full wp-image-503\" alt=\"\" srcset=\"https:\/\/jasp.org.br\/inspirameta\/wp-content\/uploads\/2024\/04\/Design-sem-nome-13.png 512w, https:\/\/jasp.org.br\/inspirameta\/wp-content\/uploads\/2024\/04\/Design-sem-nome-13-300x300.png 300w, https:\/\/jasp.org.br\/inspirameta\/wp-content\/uploads\/2024\/04\/Design-sem-nome-13-150x150.png 150w, https:\/\/jasp.org.br\/inspirameta\/wp-content\/uploads\/2024\/04\/Design-sem-nome-13-230x230.png 230w, https:\/\/jasp.org.br\/inspirameta\/wp-content\/uploads\/2024\/04\/Design-sem-nome-13-400x400.png 400w\" sizes=\"(max-width: 512px) 100vw, 512px\" \/>\t\t\t\t\t\t\t\t\t\t\t\t\t<\/div>\n\t\t\t\t<\/div>\n\t\t\t\t\t<\/div>\n\t\t\t\t<\/div>\n\t\t<div class=\"elementor-element elementor-element-38e56fb e-flex e-con-boxed wpr-particle-no wpr-jarallax-no wpr-parallax-no wpr-sticky-section-no e-con e-parent\" data-id=\"38e56fb\" data-element_type=\"container\" id=\"sobre\" data-core-v316-plus=\"true\">\n\t\t\t\t\t<div class=\"e-con-inner\">\n\t\t\t\t<div class=\"elementor-element elementor-element-ce75868 elementor-widget elementor-widget-heading\" data-id=\"ce75868\" data-element_type=\"widget\" data-widget_type=\"heading.default\">\n\t\t\t\t<div class=\"elementor-widget-container\">\n\t\t\t<h2 class=\"elementor-heading-title elementor-size-default\">Parceria Meta e Junior Achievement: Capacitando Jovens para o futuro<\/h2>\t\t<\/div>\n\t\t\t\t<\/div>\n\t\t\t\t<div class=\"elementor-element elementor-element-ee69112 elementor-widget elementor-widget-text-editor\" data-id=\"ee69112\" data-element_type=\"widget\" data-widget_type=\"text-editor.default\">\n\t\t\t\t<div class=\"elementor-widget-container\">\n\t\t\t<style>\/*! elementor - v3.20.0 - 26-03-2024 *\/\n.elementor-widget-text-editor.elementor-drop-cap-view-stacked .elementor-drop-cap{background-color:#69727d;color:#fff}.elementor-widget-text-editor.elementor-drop-cap-view-framed .elementor-drop-cap{color:#69727d;border:3px solid;background-color:transparent}.elementor-widget-text-editor:not(.elementor-drop-cap-view-default) .elementor-drop-cap{margin-top:8px}.elementor-widget-text-editor:not(.elementor-drop-cap-view-default) .elementor-drop-cap-letter{width:1em;height:1em}.elementor-widget-text-editor .elementor-drop-cap{float:left;text-align:center;line-height:1;font-size:50px}.elementor-widget-text-editor .elementor-drop-cap-letter{display:inline-block}<\/style>\t\t\t\t<p>A <strong>Meta<\/strong>, empresa l\u00edder em tecnologia, propriet\u00e1ria dos aplicativos como <strong>Facebook, Instagram, Whatsapp e Threads<\/strong> e a <strong>Junior Achievement<\/strong>, uma das maiores organiza\u00e7\u00f5es sociais incentivadoras de jovens do mundo, <strong>uniram for\u00e7as em uma parceria inovadora<\/strong> com o objetivo de trazer conhecimentos sobre <strong>marketing digital, realidade aumentada, metaverso, prepara\u00e7\u00e3o para o mercado de trabalho, incentivo ao empreendedorismo e desenvolvimento de habilidades essenciais, para a juventude.<\/strong> Atrav\u00e9s do m\u00e9todo &#8220;aprender-fazendo&#8221;, a iniciativa busca utilizar a tecnologia como ferramenta para transforma\u00e7\u00e3o social positiva, capacitando e apoiando comunidades e causas importantes.<\/p><p><strong>E o que essa parceria oferece?<\/strong><\/p>\t\t\t\t\t\t<\/div>\n\t\t\t\t<\/div>\n\t\t<div class=\"elementor-element elementor-element-cbb13a1 e-grid e-con-boxed wpr-particle-no wpr-jarallax-no wpr-parallax-no wpr-sticky-section-no e-con e-child\" data-id=\"cbb13a1\" data-element_type=\"container\">\n\t\t\t\t\t<div class=\"e-con-inner\">\n\t\t\t\t<div class=\"elementor-element elementor-element-5f4aeea elementor-align-left elementor-icon-list--layout-traditional elementor-list-item-link-full_width elementor-widget elementor-widget-icon-list\" data-id=\"5f4aeea\" data-element_type=\"widget\" data-widget_type=\"icon-list.default\">\n\t\t\t\t<div class=\"elementor-widget-container\">\n\t\t\t<link rel=\"stylesheet\" href=\"https:\/\/jasp.org.br\/inspirameta\/wp-content\/plugins\/elementor\/assets\/css\/widget-icon-list.min.css\">\t\t<ul class=\"elementor-icon-list-items\">\n\t\t\t\t\t\t\t<li class=\"elementor-icon-list-item\">\n\t\t\t\t\t\t\t\t\t\t\t<span class=\"elementor-icon-list-icon\">\n\t\t\t\t\t\t\t<svg aria-hidden=\"true\" class=\"e-font-icon-svg e-fas-check-circle\" viewBox=\"0 0 512 512\" xmlns=\"http:\/\/www.w3.org\/2000\/svg\"><path d=\"M504 256c0 136.967-111.033 248-248 248S8 392.967 8 256 119.033 8 256 8s248 111.033 248 248zM227.314 387.314l184-184c6.248-6.248 6.248-16.379 0-22.627l-22.627-22.627c-6.248-6.249-16.379-6.249-22.628 0L216 308.118l-70.059-70.059c-6.248-6.248-16.379-6.248-22.628 0l-22.627 22.627c-6.248 6.248-6.248 16.379 0 22.627l104 104c6.249 6.249 16.379 6.249 22.628.001z\"><\/path><\/svg>\t\t\t\t\t\t<\/span>\n\t\t\t\t\t\t\t\t\t\t<span class=\"elementor-icon-list-text\">Forma\u00e7\u00e3o Especializada: cursos pr\u00e1ticos e atualizados focados em marketing digital e metaverso.<\/span>\n\t\t\t\t\t\t\t\t\t<\/li>\n\t\t\t\t\t\t\t\t<li class=\"elementor-icon-list-item\">\n\t\t\t\t\t\t\t\t\t\t\t<span class=\"elementor-icon-list-icon\">\n\t\t\t\t\t\t\t<svg aria-hidden=\"true\" class=\"e-font-icon-svg e-fas-check-circle\" viewBox=\"0 0 512 512\" xmlns=\"http:\/\/www.w3.org\/2000\/svg\"><path d=\"M504 256c0 136.967-111.033 248-248 248S8 392.967 8 256 119.033 8 256 8s248 111.033 248 248zM227.314 387.314l184-184c6.248-6.248 6.248-16.379 0-22.627l-22.627-22.627c-6.248-6.249-16.379-6.249-22.628 0L216 308.118l-70.059-70.059c-6.248-6.248-16.379-6.248-22.628 0l-22.627 22.627c-6.248 6.248-6.248 16.379 0 22.627l104 104c6.249 6.249 16.379 6.249 22.628.001z\"><\/path><\/svg>\t\t\t\t\t\t<\/span>\n\t\t\t\t\t\t\t\t\t\t<span class=\"elementor-icon-list-text\">Prepara\u00e7\u00e3o para o Mercado de Trabalho: desenvolvimento de habilidades essenciais para o mercado atual, incluindo cria\u00e7\u00e3o de conte\u00fado, gerenciamento de redes sociais e desenvolvimento de websites. <\/span>\n\t\t\t\t\t\t\t\t\t<\/li>\n\t\t\t\t\t\t\t\t<li class=\"elementor-icon-list-item\">\n\t\t\t\t\t\t\t\t\t\t\t<span class=\"elementor-icon-list-icon\">\n\t\t\t\t\t\t\t<svg aria-hidden=\"true\" class=\"e-font-icon-svg e-fas-check-circle\" viewBox=\"0 0 512 512\" xmlns=\"http:\/\/www.w3.org\/2000\/svg\"><path d=\"M504 256c0 136.967-111.033 248-248 248S8 392.967 8 256 119.033 8 256 8s248 111.033 248 248zM227.314 387.314l184-184c6.248-6.248 6.248-16.379 0-22.627l-22.627-22.627c-6.248-6.249-16.379-6.249-22.628 0L216 308.118l-70.059-70.059c-6.248-6.248-16.379-6.248-22.628 0l-22.627 22.627c-6.248 6.248-6.248 16.379 0 22.627l104 104c6.249 6.249 16.379 6.249 22.628.001z\"><\/path><\/svg>\t\t\t\t\t\t<\/span>\n\t\t\t\t\t\t\t\t\t\t<span class=\"elementor-icon-list-text\">Oportunidades de Carreira: a forma\u00e7\u00e3o proporcionar\u00e1 aos jovens um caminho promissor e inovador no mercado digital, que est\u00e1 em constante crescimento e demanda por profissionais qualificados.<\/span>\n\t\t\t\t\t\t\t\t\t<\/li>\n\t\t\t\t\t\t<\/ul>\n\t\t\t\t<\/div>\n\t\t\t\t<\/div>\n\t\t\t\t<div class=\"elementor-element elementor-element-9d7e04f animated-slow elementor-invisible elementor-widget elementor-widget-image\" data-id=\"9d7e04f\" data-element_type=\"widget\" data-settings=\"{&quot;_animation&quot;:&quot;fadeInRight&quot;}\" data-widget_type=\"image.default\">\n\t\t\t\t<div class=\"elementor-widget-container\">\n\t\t\t\t\t\t\t\t\t\t\t\t\t<img decoding=\"async\" width=\"1200\" height=\"800\" src=\"https:\/\/jasp.org.br\/inspirameta\/wp-content\/uploads\/2024\/04\/WhatsApp-Image-2024-04-11-at-10.55.20.jpeg\" class=\"attachment-full size-full wp-image-340\" alt=\"\" srcset=\"https:\/\/jasp.org.br\/inspirameta\/wp-content\/uploads\/2024\/04\/WhatsApp-Image-2024-04-11-at-10.55.20.jpeg 1200w, https:\/\/jasp.org.br\/inspirameta\/wp-content\/uploads\/2024\/04\/WhatsApp-Image-2024-04-11-at-10.55.20-300x200.jpeg 300w, https:\/\/jasp.org.br\/inspirameta\/wp-content\/uploads\/2024\/04\/WhatsApp-Image-2024-04-11-at-10.55.20-1024x683.jpeg 1024w, https:\/\/jasp.org.br\/inspirameta\/wp-content\/uploads\/2024\/04\/WhatsApp-Image-2024-04-11-at-10.55.20-768x512.jpeg 768w, https:\/\/jasp.org.br\/inspirameta\/wp-content\/uploads\/2024\/04\/WhatsApp-Image-2024-04-11-at-10.55.20-600x400.jpeg 600w\" sizes=\"(max-width: 1200px) 100vw, 1200px\" \/>\t\t\t\t\t\t\t\t\t\t\t\t\t<\/div>\n\t\t\t\t<\/div>\n\t\t\t\t\t<\/div>\n\t\t\t\t<\/div>\n\t\t\t\t\t<\/div>\n\t\t\t\t<\/div>\n\t\t<div class=\"elementor-element elementor-element-df54fdf e-flex e-con-boxed wpr-particle-no wpr-jarallax-no wpr-parallax-no wpr-sticky-section-no e-con e-parent\" data-id=\"df54fdf\" data-element_type=\"container\" id=\"metablueprint\" data-settings=\"{&quot;background_background&quot;:&quot;classic&quot;}\" data-core-v316-plus=\"true\">\n\t\t\t\t\t<div class=\"e-con-inner\">\n\t\t\t\t<div class=\"elementor-element elementor-element-63658f1 elementor-widget elementor-widget-heading\" data-id=\"63658f1\" data-element_type=\"widget\" data-widget_type=\"heading.default\">\n\t\t\t\t<div class=\"elementor-widget-container\">\n\t\t\t<h1 class=\"elementor-heading-title elementor-size-default\">CONHE\u00c7A AS OP\u00c7\u00d5ES DE CURSOS<\/h1>\t\t<\/div>\n\t\t\t\t<\/div>\n\t\t\t\t<div class=\"elementor-element elementor-element-7f04f99 elementor-widget elementor-widget-text-editor\" data-id=\"7f04f99\" data-element_type=\"widget\" data-widget_type=\"text-editor.default\">\n\t\t\t\t<div class=\"elementor-widget-container\">\n\t\t\t\t\t\t\t<p>Prepare-se para o futuro do trabalho com o programa <strong>Meta Blueprint<\/strong>, onde voc\u00ea pode descobrir e aprimorar suas habilidades em <strong>marketing digital<\/strong> e <strong>Meta Spark<\/strong>. Essas sess\u00f5es online s\u00e3o ministradas por <strong>especialistas da Meta<\/strong> e s\u00e3o fundamentais para extrair o m\u00e1ximo das plataformas Meta e se preparar para a <strong>Certifica\u00e7\u00e3o Meta.\u00a0<\/strong><\/p><p>Desenvolvida pela <strong>JA Brasil<\/strong>, a trilha <strong>Descobrindo o Futuro com Conhecimento<\/strong> na <strong>Inspira JA<\/strong> oferece cursos online para jovens, abordando temas essenciais para o mercado de trabalho, empreendedorismo, carreiras de tecnologia, gest\u00e3o do tempo, diversidade e inclus\u00e3o. <strong>N\u00e3o perca tempo, o futuro come\u00e7a agora!<\/strong><\/p>\t\t\t\t\t\t<\/div>\n\t\t\t\t<\/div>\n\t\t<div class=\"elementor-element elementor-element-d8c3e08 e-grid animated-slow e-con-boxed wpr-particle-no wpr-jarallax-no wpr-parallax-no wpr-sticky-section-no elementor-invisible e-con e-child\" data-id=\"d8c3e08\" data-element_type=\"container\" data-settings=\"{&quot;animation&quot;:&quot;slideInUp&quot;}\">\n\t\t\t\t\t<div class=\"e-con-inner\">\n\t\t\t\t<div class=\"elementor-element elementor-element-5d35f32 elementor-widget elementor-widget-image\" data-id=\"5d35f32\" data-element_type=\"widget\" data-widget_type=\"image.default\">\n\t\t\t\t<div class=\"elementor-widget-container\">\n\t\t\t\t\t\t\t\t\t\t\t\t\t\t<a href=\"https:\/\/trainingworkshops.facebookblueprint.com\/student\/enrollments\/create_enrollment_from_token\/MS41nEqEKuktGQwZ6dwkUeLP\" target=\"_blank\">\n\t\t\t\t\t\t\t<img decoding=\"async\" width=\"1200\" height=\"800\" src=\"https:\/\/jasp.org.br\/inspirameta\/wp-content\/uploads\/2024\/04\/WhatsApp-Image-2024-04-18-at-11.45.17-1.jpeg\" class=\"elementor-animation-shrink attachment-full size-full wp-image-498\" alt=\"\" srcset=\"https:\/\/jasp.org.br\/inspirameta\/wp-content\/uploads\/2024\/04\/WhatsApp-Image-2024-04-18-at-11.45.17-1.jpeg 1200w, https:\/\/jasp.org.br\/inspirameta\/wp-content\/uploads\/2024\/04\/WhatsApp-Image-2024-04-18-at-11.45.17-1-300x200.jpeg 300w, https:\/\/jasp.org.br\/inspirameta\/wp-content\/uploads\/2024\/04\/WhatsApp-Image-2024-04-18-at-11.45.17-1-1024x683.jpeg 1024w, https:\/\/jasp.org.br\/inspirameta\/wp-content\/uploads\/2024\/04\/WhatsApp-Image-2024-04-18-at-11.45.17-1-768x512.jpeg 768w, https:\/\/jasp.org.br\/inspirameta\/wp-content\/uploads\/2024\/04\/WhatsApp-Image-2024-04-18-at-11.45.17-1-600x400.jpeg 600w\" sizes=\"(max-width: 1200px) 100vw, 1200px\" \/>\t\t\t\t\t\t\t\t<\/a>\n\t\t\t\t\t\t\t\t\t\t\t\t\t<\/div>\n\t\t\t\t<\/div>\n\t\t\t\t<div class=\"elementor-element elementor-element-3652278 elementor-widget elementor-widget-image\" data-id=\"3652278\" data-element_type=\"widget\" data-widget_type=\"image.default\">\n\t\t\t\t<div class=\"elementor-widget-container\">\n\t\t\t\t\t\t\t\t\t\t\t\t\t\t<a href=\"https:\/\/trainingworkshops.facebookblueprint.com\/student\/enrollments\/create_enrollment_from_token\/MS41nEqEKuktGQwZ6dwkUeLP\" target=\"_blank\">\n\t\t\t\t\t\t\t<img loading=\"lazy\" decoding=\"async\" width=\"1200\" height=\"800\" src=\"https:\/\/jasp.org.br\/inspirameta\/wp-content\/uploads\/2024\/04\/WhatsApp-Image-2024-04-18-at-11.45.17.jpeg\" class=\"elementor-animation-shrink attachment-full size-full wp-image-499\" alt=\"\" srcset=\"https:\/\/jasp.org.br\/inspirameta\/wp-content\/uploads\/2024\/04\/WhatsApp-Image-2024-04-18-at-11.45.17.jpeg 1200w, https:\/\/jasp.org.br\/inspirameta\/wp-content\/uploads\/2024\/04\/WhatsApp-Image-2024-04-18-at-11.45.17-300x200.jpeg 300w, https:\/\/jasp.org.br\/inspirameta\/wp-content\/uploads\/2024\/04\/WhatsApp-Image-2024-04-18-at-11.45.17-1024x683.jpeg 1024w, https:\/\/jasp.org.br\/inspirameta\/wp-content\/uploads\/2024\/04\/WhatsApp-Image-2024-04-18-at-11.45.17-768x512.jpeg 768w, https:\/\/jasp.org.br\/inspirameta\/wp-content\/uploads\/2024\/04\/WhatsApp-Image-2024-04-18-at-11.45.17-600x400.jpeg 600w\" sizes=\"(max-width: 1200px) 100vw, 1200px\" \/>\t\t\t\t\t\t\t\t<\/a>\n\t\t\t\t\t\t\t\t\t\t\t\t\t<\/div>\n\t\t\t\t<\/div>\n\t\t\t\t<div class=\"elementor-element elementor-element-3bc25e5 elementor-widget elementor-widget-image\" data-id=\"3bc25e5\" data-element_type=\"widget\" data-widget_type=\"image.default\">\n\t\t\t\t<div class=\"elementor-widget-container\">\n\t\t\t\t\t\t\t\t\t\t\t\t\t\t<a href=\"https:\/\/inspiraja.app.toolzz.com.br\/play\/62247911\/progresso\/gamification\" target=\"_blank\">\n\t\t\t\t\t\t\t<img loading=\"lazy\" decoding=\"async\" width=\"1200\" height=\"800\" src=\"https:\/\/jasp.org.br\/inspirameta\/wp-content\/uploads\/2024\/04\/WhatsApp-Image-2024-04-18-at-12.36.04.jpeg\" class=\"elementor-animation-shrink attachment-full size-full wp-image-513\" alt=\"\" srcset=\"https:\/\/jasp.org.br\/inspirameta\/wp-content\/uploads\/2024\/04\/WhatsApp-Image-2024-04-18-at-12.36.04.jpeg 1200w, https:\/\/jasp.org.br\/inspirameta\/wp-content\/uploads\/2024\/04\/WhatsApp-Image-2024-04-18-at-12.36.04-300x200.jpeg 300w, https:\/\/jasp.org.br\/inspirameta\/wp-content\/uploads\/2024\/04\/WhatsApp-Image-2024-04-18-at-12.36.04-1024x683.jpeg 1024w, https:\/\/jasp.org.br\/inspirameta\/wp-content\/uploads\/2024\/04\/WhatsApp-Image-2024-04-18-at-12.36.04-768x512.jpeg 768w, https:\/\/jasp.org.br\/inspirameta\/wp-content\/uploads\/2024\/04\/WhatsApp-Image-2024-04-18-at-12.36.04-600x400.jpeg 600w\" sizes=\"(max-width: 1200px) 100vw, 1200px\" \/>\t\t\t\t\t\t\t\t<\/a>\n\t\t\t\t\t\t\t\t\t\t\t\t\t<\/div>\n\t\t\t\t<\/div>\n\t\t\t\t\t<\/div>\n\t\t\t\t<\/div>\n\t\t\t\t\t<\/div>\n\t\t\t\t<\/div>\n\t\t<div class=\"elementor-element elementor-element-6c4ff0e e-flex e-con-boxed wpr-particle-no wpr-jarallax-no wpr-parallax-no wpr-sticky-section-no e-con e-parent\" data-id=\"6c4ff0e\" data-element_type=\"container\" data-settings=\"{&quot;background_background&quot;:&quot;gradient&quot;}\" data-core-v316-plus=\"true\">\n\t\t\t\t\t<div class=\"e-con-inner\">\n\t\t<div class=\"elementor-element elementor-element-d41fa0c e-grid e-con-boxed wpr-particle-no wpr-jarallax-no wpr-parallax-no wpr-sticky-section-no e-con e-child\" data-id=\"d41fa0c\" data-element_type=\"container\">\n\t\t\t\t\t<div class=\"e-con-inner\">\n\t\t\t\t<div class=\"elementor-element elementor-element-a673253 animated-slow elementor-invisible elementor-widget elementor-widget-heading\" data-id=\"a673253\" data-element_type=\"widget\" data-settings=\"{&quot;_animation&quot;:&quot;pulse&quot;}\" data-widget_type=\"heading.default\">\n\t\t\t\t<div class=\"elementor-widget-container\">\n\t\t\t<h2 class=\"elementor-heading-title elementor-size-default\"><br>APRENDER NUNCA FOI T\u00c3O ACESS\u00cdVEL!<\/h2>\t\t<\/div>\n\t\t\t\t<\/div>\n\t\t\t\t<div class=\"elementor-element elementor-element-bc3ffd6 animated-slow elementor-invisible elementor-widget elementor-widget-image\" data-id=\"bc3ffd6\" data-element_type=\"widget\" data-settings=\"{&quot;_animation&quot;:&quot;fadeInRight&quot;}\" data-widget_type=\"image.default\">\n\t\t\t\t<div class=\"elementor-widget-container\">\n\t\t\t\t\t\t\t\t\t\t\t\t\t<img loading=\"lazy\" decoding=\"async\" width=\"1024\" height=\"1024\" src=\"https:\/\/jasp.org.br\/inspirameta\/wp-content\/uploads\/2024\/04\/mao-rodape2-1-1024x1024.png\" class=\"elementor-animation-grow attachment-large size-large wp-image-166\" alt=\"\" srcset=\"https:\/\/jasp.org.br\/inspirameta\/wp-content\/uploads\/2024\/04\/mao-rodape2-1-1024x1024.png 1024w, https:\/\/jasp.org.br\/inspirameta\/wp-content\/uploads\/2024\/04\/mao-rodape2-1-300x300.png 300w, https:\/\/jasp.org.br\/inspirameta\/wp-content\/uploads\/2024\/04\/mao-rodape2-1-150x150.png 150w, https:\/\/jasp.org.br\/inspirameta\/wp-content\/uploads\/2024\/04\/mao-rodape2-1-768x768.png 768w, https:\/\/jasp.org.br\/inspirameta\/wp-content\/uploads\/2024\/04\/mao-rodape2-1-230x230.png 230w, https:\/\/jasp.org.br\/inspirameta\/wp-content\/uploads\/2024\/04\/mao-rodape2-1-400x400.png 400w, https:\/\/jasp.org.br\/inspirameta\/wp-content\/uploads\/2024\/04\/mao-rodape2-1-600x600.png 600w, https:\/\/jasp.org.br\/inspirameta\/wp-content\/uploads\/2024\/04\/mao-rodape2-1-640x640.png 640w, https:\/\/jasp.org.br\/inspirameta\/wp-content\/uploads\/2024\/04\/mao-rodape2-1.png 1080w\" sizes=\"(max-width: 1024px) 100vw, 1024px\" \/>\t\t\t\t\t\t\t\t\t\t\t\t\t<\/div>\n\t\t\t\t<\/div>\n\t\t\t\t\t<\/div>\n\t\t\t\t<\/div>\n\t\t\t\t\t<\/div>\n\t\t\t\t<\/div>\n\t\t\t\t<\/div>\n\t\t","protected":false},"excerpt":{"rendered":"<p>EXPLORE NOVAS FRONTEIRAS META-INSPIRA Parceria Meta e Junior Achievement: Capacitando Jovens para o futuro A Meta, empresa l\u00edder em tecnologia, propriet\u00e1ria dos aplicativos como Facebook, Instagram, Whatsapp e Threads e a Junior Achievement, uma das maiores organiza\u00e7\u00f5es sociais incentivadoras de jovens do mundo, uniram for\u00e7as em uma parceria inovadora com o objetivo de trazer conhecimentos [&hellip;]<\/p>\n","protected":false},"author":1,"featured_media":0,"parent":0,"menu_order":0,"comment_status":"closed","ping_status":"closed","template":"elementor_header_footer","meta":{"footnotes":""},"_links":{"self":[{"href":"https:\/\/jasp.org.br\/inspirameta\/wp-json\/wp\/v2\/pages\/7"}],"collection":[{"href":"https:\/\/jasp.org.br\/inspirameta\/wp-json\/wp\/v2\/pages"}],"about":[{"href":"https:\/\/jasp.org.br\/inspirameta\/wp-json\/wp\/v2\/types\/page"}],"author":[{"embeddable":true,"href":"https:\/\/jasp.org.br\/inspirameta\/wp-json\/wp\/v2\/users\/1"}],"replies":[{"embeddable":true,"href":"https:\/\/jasp.org.br\/inspirameta\/wp-json\/wp\/v2\/comments?post=7"}],"version-history":[{"count":338,"href":"https:\/\/jasp.org.br\/inspirameta\/wp-json\/wp\/v2\/pages\/7\/revisions"}],"predecessor-version":[{"id":518,"href":"https:\/\/jasp.org.br\/inspirameta\/wp-json\/wp\/v2\/pages\/7\/revisions\/518"}],"wp:attachment":[{"href":"https:\/\/jasp.org.br\/inspirameta\/wp-json\/wp\/v2\/media?parent=7"}],"curies":[{"name":"wp","href":"https:\/\/api.w.org\/{rel}","templated":true}]}}